{"id":178,"date":"2025-07-14T09:03:21","date_gmt":"2025-07-14T07:03:21","guid":{"rendered":"https:\/\/kawaiiland.eu\/?page_id=178"},"modified":"2025-10-15T12:34:52","modified_gmt":"2025-10-15T10:34:52","slug":"widerrufsrecht","status":"publish","type":"page","link":"https:\/\/kawaiiland.eu\/en_gb\/widerrufsrecht\/","title":{"rendered":"Widerrufsrecht"},"content":{"rendered":"\t\t<div data-elementor-type=\"wp-page\" data-elementor-id=\"178\" class=\"elementor elementor-178\" wpc-filter-elementor-widget=\"1\" data-elementor-post-type=\"page\">\n\t\t\t\t<div class=\"elementor-element elementor-element-08dc343 e-flex e-con-boxed e-con e-parent\" data-id=\"08dc343\" data-element_type=\"container\" data-e-type=\"container\">\n\t\t\t\t\t<div class=\"e-con-inner\">\n\t\t\t\t<div class=\"elementor-element elementor-element-76def9c elementor-widget elementor-widget-heading\" data-id=\"76def9c\" data-element_type=\"widget\" data-e-type=\"widget\" data-widget_type=\"heading.default\">\n\t\t\t\t<div class=\"elementor-widget-container\">\n\t\t\t\t\t<h3 class=\"elementor-heading-title elementor-size-default\">Widerrufsrecht (Right of Withdrawal)<\/h3>\t\t\t\t<\/div>\n\t\t\t\t<\/div>\n\t\t\t\t\t<\/div>\n\t\t\t\t<\/div>\n\t\t<div class=\"elementor-element elementor-element-7e9bf15 e-flex e-con-boxed e-con e-parent\" data-id=\"7e9bf15\" data-element_type=\"container\" data-e-type=\"container\">\n\t\t\t\t\t<div class=\"e-con-inner\">\n\t\t\t\t<div class=\"elementor-element elementor-element-ac33379 elementor-widget elementor-widget-text-editor\" data-id=\"ac33379\" data-element_type=\"widget\" data-e-type=\"widget\" data-widget_type=\"text-editor.default\">\n\t\t\t\t<div class=\"elementor-widget-container\">\n\t\t\t\t\t\t\t\t\t<h4 data-start=\"2201\" data-end=\"2225\">1. Widerrufsrecht<\/h4><p data-start=\"2226\" data-end=\"2464\">Sie haben das Recht, binnen <strong data-start=\"2254\" data-end=\"2277\">vierzehn (14) Tagen<\/strong> ohne Angabe von Gr\u00fcnden diesen Vertrag zu widerrufen.<br data-start=\"2331\" data-end=\"2334\" \/>Die Widerrufsfrist betr\u00e4gt 14 Tage ab dem Tag, an dem Sie oder ein von Ihnen benannter Dritter die Waren in Besitz genommen haben.<\/p><p data-start=\"2226\" data-end=\"2464\">\u00a0<\/p><h4 data-start=\"2466\" data-end=\"2498\">2. Aus\u00fcbung des Widerrufs<\/h4><p data-start=\"2499\" data-end=\"2711\">Um Ihr Widerrufsrecht auszu\u00fcben, m\u00fcssen Sie uns (<br data-start=\"2548\" data-end=\"2551\" \/><strong data-start=\"2551\" data-end=\"2571\">[Ihr Firmenname]<\/strong>,<br data-start=\"2572\" data-end=\"2575\" \/>[Adresse],<br data-start=\"2585\" data-end=\"2588\" \/>E-Mail: [Ihre E-Mail-Adresse]<br data-start=\"2617\" data-end=\"2620\" \/>) mittels einer eindeutigen Erkl\u00e4rung (z. B. per E-Mail) \u00fcber Ihren Entschluss informieren.<\/p><p data-start=\"2499\" data-end=\"2711\">\u00a0<\/p><h4 data-start=\"2713\" data-end=\"2743\">3. Folgen des Widerrufs<\/h4><p data-start=\"2744\" data-end=\"2992\">Wenn Sie diesen Vertrag widerrufen, erstatten wir Ihnen alle Zahlungen, die wir von Ihnen erhalten haben, sp\u00e4testens binnen 14 Tagen nach Erhalt der zur\u00fcckgesandten Ware.<br data-start=\"2914\" data-end=\"2917\" \/>Die R\u00fccksendekosten tr\u00e4gt der K\u00e4ufer, es sei denn, die Ware ist fehlerhaft.<\/p>\t\t\t\t\t\t\t\t<\/div>\n\t\t\t\t<\/div>\n\t\t\t\t\t<\/div>\n\t\t\t\t<\/div>\n\t\t\t\t<\/div>\n\t\t","protected":false},"excerpt":{"rendered":"<p>Widerrufsrecht (Right of Withdrawal) 1. Widerrufsrecht Sie haben das Recht, binnen vierzehn (14) Tagen ohne Angabe von Gr\u00fcnden diesen Vertrag zu widerrufen.Die Widerrufsfrist betr\u00e4gt 14 Tage ab dem Tag, an dem Sie oder ein von Ihnen benannter Dritter die Waren in Besitz genommen haben. \u00a0 2. Aus\u00fcbung des Widerrufs Um Ihr Widerrufsrecht auszu\u00fcben, m\u00fcssen Sie [&hellip;]<\/p>\n","protected":false},"author":1,"featured_media":0,"parent":0,"menu_order":0,"comment_status":"closed","ping_status":"closed","template":"","meta":{"site-sidebar-layout":"no-sidebar","site-content-layout":"page-builder","ast-site-content-layout":"full-width-container","site-content-style":"default","site-sidebar-style":"default","ast-global-header-display":"","ast-banner-title-visibility":"","ast-main-header-display":"","ast-hfb-above-header-display":"","ast-hfb-below-header-display":"","ast-hfb-mobile-header-display":"","site-post-title":"disabled","ast-breadcrumbs-content":"","ast-featured-img":"disabled","footer-sml-layout":"","theme-transparent-header-meta":"","adv-header-id-meta":"","stick-header-meta":"","header-above-stick-meta":"","header-main-stick-meta":"","header-below-stick-meta":"","astra-migrate-meta-layouts":"default","ast-page-background-enabled":"default","ast-page-background-meta":{"desktop":{"background-color":"var(--ast-global-color-4)","background-image":"","background-repeat":"repeat","background-position":"center center","background-size":"auto","background-attachment":"scroll","background-type":"","background-media":"","overlay-type":"","overlay-color":"","overlay-opacity":"","overlay-gradient":""},"tablet":{"background-color":"","background-image":"","background-repeat":"repeat","background-position":"center center","background-size":"auto","background-attachment":"scroll","background-type":"","background-media":"","overlay-type":"","overlay-color":"","overlay-opacity":"","overlay-gradient":""},"mobile":{"background-color":"","background-image":"","background-repeat":"repeat","background-position":"center center","background-size":"auto","background-attachment":"scroll","background-type":"","background-media":"","overlay-type":"","overlay-color":"","overlay-opacity":"","overlay-gradient":""}},"ast-content-background-meta":{"desktop":{"background-color":"var(--ast-global-color-5)","background-image":"","background-repeat":"repeat","background-position":"center center","background-size":"auto","background-attachment":"scroll","background-type":"","background-media":"","overlay-type":"","overlay-color":"","overlay-opacity":"","overlay-gradient":""},"tablet":{"background-color":"var(--ast-global-color-5)","background-image":"","background-repeat":"repeat","background-position":"center center","background-size":"auto","background-attachment":"scroll","background-type":"","background-media":"","overlay-type":"","overlay-color":"","overlay-opacity":"","overlay-gradient":""},"mobile":{"background-color":"var(--ast-global-color-5)","background-image":"","background-repeat":"repeat","background-position":"center center","background-size":"auto","background-attachment":"scroll","background-type":"","background-media":"","overlay-type":"","overlay-color":"","overlay-opacity":"","overlay-gradient":""}},"_joinchat":[],"footnotes":""},"class_list":["post-178","page","type-page","status-publish","hentry"],"_links":{"self":[{"href":"https:\/\/kawaiiland.eu\/en_gb\/wp-json\/wp\/v2\/pages\/178","targetHints":{"allow":["GET"]}}],"collection":[{"href":"https:\/\/kawaiiland.eu\/en_gb\/wp-json\/wp\/v2\/pages"}],"about":[{"href":"https:\/\/kawaiiland.eu\/en_gb\/wp-json\/wp\/v2\/types\/page"}],"author":[{"embeddable":true,"href":"https:\/\/kawaiiland.eu\/en_gb\/wp-json\/wp\/v2\/users\/1"}],"replies":[{"embeddable":true,"href":"https:\/\/kawaiiland.eu\/en_gb\/wp-json\/wp\/v2\/comments?post=178"}],"version-history":[{"count":7,"href":"https:\/\/kawaiiland.eu\/en_gb\/wp-json\/wp\/v2\/pages\/178\/revisions"}],"predecessor-version":[{"id":2791,"href":"https:\/\/kawaiiland.eu\/en_gb\/wp-json\/wp\/v2\/pages\/178\/revisions\/2791"}],"wp:attachment":[{"href":"https:\/\/kawaiiland.eu\/en_gb\/wp-json\/wp\/v2\/media?parent=178"}],"curies":[{"name":"wp","href":"https:\/\/api.w.org\/{rel}","templated":true}]}}